{"id":123,"date":"2021-09-20T21:17:20","date_gmt":"2021-09-20T19:17:20","guid":{"rendered":"https:\/\/krugozor.pl\/?page_id=123"},"modified":"2021-09-21T20:05:33","modified_gmt":"2021-09-21T18:05:33","slug":"refund_returns","status":"publish","type":"page","link":"https:\/\/krugozor.pl\/en\/refund_returns\/","title":{"rendered":"Returns"},"content":{"rendered":"<h6>1. PACK THE PRODUCTS AND COMPLETE THE FORM<\/h6>\n<p>The return can be made within 14 days from the date of receipt of the shipment. Download and complete the withdrawal form. Include in the package with the returned products. Check carefully that you have provided all the data correctly.<\/p><p><br><\/p><p>Please carefully protect and pack the shipment.<\/p>\n\n\n\n<h6 style=\"color: rgb(0, 0, 0);\">2. PREPARE AND SEND THE PACKAGE<\/h6>\n<p style=\"margin-top: 15px; margin-bottom: 15px; line-height: normal;\">Send us a parcel with the returned goods to the following address:<br>Auto Mi\u015b<br>Bandurskiego 36<br>71-685 Szczecin<\/p><p style=\"margin-top: 15px; margin-bottom: 15px; line-height: normal;\">Remember that we do not accept parcels sent to us by cash on delivery, e-shipment or parcel machines. The cost of returning the returned goods is borne by the buyer.<\/p><p style=\"margin-top: 15px; margin-bottom: 15px; line-height: normal;\">After accepting the shipment, you will receive an email notification from us.<\/p>\n\n\n\n<h6>3. PATIENTLY WAIT FOR REFUND<\/h6>\n<p>The refund will be made within 14 days from the date of taking the product in stock.<\/p><p><br><\/p><p>Zwrot koszt\u00f3w transakcji realizowany jest przelewem bankowym. W przypadku metody p\u0142atno\u015bci: PayU, przelew tradycyjny oraz PayPal &#8211; na numer konta z kt\u00f3rego dokonano p\u0142atno\u015bci za zam\u00f3wienie. W przypadku p\u0142atno\u015bci przy odbiorze na numer konta wskazany w formularzu.<\/p>","protected":false},"excerpt":{"rendered":"","protected":false},"author":1,"featured_media":0,"parent":0,"menu_order":0,"comment_status":"closed","ping_status":"closed","template":"","meta":{"footnotes":""},"class_list":["post-123","page","type-page","status-publish","hentry"],"_links":{"self":[{"href":"https:\/\/krugozor.pl\/en\/wp-json\/wp\/v2\/pages\/123","targetHints":{"allow":["GET"]}}],"collection":[{"href":"https:\/\/krugozor.pl\/en\/wp-json\/wp\/v2\/pages"}],"about":[{"href":"https:\/\/krugozor.pl\/en\/wp-json\/wp\/v2\/types\/page"}],"author":[{"embeddable":true,"href":"https:\/\/krugozor.pl\/en\/wp-json\/wp\/v2\/users\/1"}],"replies":[{"embeddable":true,"href":"https:\/\/krugozor.pl\/en\/wp-json\/wp\/v2\/comments?post=123"}],"version-history":[{"count":7,"href":"https:\/\/krugozor.pl\/en\/wp-json\/wp\/v2\/pages\/123\/revisions"}],"predecessor-version":[{"id":206,"href":"https:\/\/krugozor.pl\/en\/wp-json\/wp\/v2\/pages\/123\/revisions\/206"}],"wp:attachment":[{"href":"https:\/\/krugozor.pl\/en\/wp-json\/wp\/v2\/media?parent=123"}],"curies":[{"name":"wp","href":"https:\/\/api.w.org\/{rel}","templated":true}]}}